{"id":1536,"date":"2024-07-12T15:26:21","date_gmt":"2024-07-12T08:26:21","guid":{"rendered":"https:\/\/quy2.elsaspeak.vn\/?page_id=1536"},"modified":"2024-08-14T18:23:22","modified_gmt":"2024-08-14T11:23:22","slug":"tin-khuyen-mai","status":"publish","type":"page","link":"https:\/\/somiluxstay.com\/en\/tin-khuyen-mai\/","title":{"rendered":"TIN KHUY\u1ebeN M\u00c3I"},"content":{"rendered":"<div data-elementor-type=\"wp-page\" data-elementor-id=\"1536\" class=\"elementor elementor-1536\" data-elementor-post-type=\"page\">\n\t\t\t\t<div class=\"elementor-element elementor-element-1497307 e-flex e-con-boxed e-con e-parent\" data-id=\"1497307\" data-element_type=\"container\" data-settings=\"{&quot;background_background&quot;:&quot;classic&quot;}\">\n\t\t\t\t\t<div class=\"e-con-inner\">\n\t\t<div class=\"elementor-element elementor-element-44b291c e-con-full e-flex e-con e-child\" data-id=\"44b291c\" data-element_type=\"container\">\n\t\t\t\t<div class=\"elementor-element elementor-element-b6ab32d elementor-widget elementor-widget-heading\" data-id=\"b6ab32d\" data-element_type=\"widget\" data-widget_type=\"heading.default\">\n\t\t\t\t<div class=\"elementor-widget-container\">\n\t\t\t\t\t<h2 class=\"elementor-heading-title elementor-size-default\">Th\u00f4ng tin khuy\u1ebfn m\u00e3i<\/h2>\t\t\t\t<\/div>\n\t\t\t\t<\/div>\n\t\t\t\t<\/div>\n\t\t\t\t\t<\/div>\n\t\t\t\t<\/div>\n\t\t\t\t<section class=\"elementor-section elementor-top-section elementor-element elementor-element-6ba76c6f elementor-section-content-middle elementor-section-boxed elementor-section-height-default elementor-section-height-default\" data-id=\"6ba76c6f\" data-element_type=\"section\">\n\t\t\t\t\t\t<div class=\"elementor-container elementor-column-gap-no\">\n\t\t\t\t\t<div class=\"elementor-column elementor-col-33 elementor-top-column elementor-element elementor-element-c6c109f\" data-id=\"c6c109f\" data-element_type=\"column\">\n\t\t\t<div class=\"elementor-widget-wrap elementor-element-populated\">\n\t\t\t\t\t\t<div class=\"elementor-element elementor-element-7b399abf elementor-widget elementor-widget-heading\" data-id=\"7b399abf\" data-element_type=\"widget\" data-widget_type=\"heading.default\">\n\t\t\t\t<div class=\"elementor-widget-container\">\n\t\t\t\t\t<h3 class=\"elementor-heading-title elementor-size-default\">ENDOW<\/h3>\t\t\t\t<\/div>\n\t\t\t\t<\/div>\n\t\t\t\t<div class=\"elementor-element elementor-element-7f064841 elementor-widget elementor-widget-heading\" data-id=\"7f064841\" data-element_type=\"widget\" data-widget_type=\"heading.default\">\n\t\t\t\t<div class=\"elementor-widget-container\">\n\t\t\t\t\t<h3 class=\"elementor-heading-title elementor-size-default\">SEASONAL PROMOTION PROGRAM\n<\/h3>\t\t\t\t<\/div>\n\t\t\t\t<\/div>\n\t\t\t\t<div class=\"elementor-element elementor-element-13fd746 elementor-widget-divider--view-line elementor-widget elementor-widget-divider\" data-id=\"13fd746\" data-element_type=\"widget\" data-widget_type=\"divider.default\">\n\t\t\t\t<div class=\"elementor-widget-container\">\n\t\t\t\t\t\t\t<div class=\"elementor-divider\">\n\t\t\t<span class=\"elementor-divider-separator\">\n\t\t\t\t\t\t<\/span>\n\t\t<\/div>\n\t\t\t\t\t\t<\/div>\n\t\t\t\t<\/div>\n\t\t\t\t<div class=\"elementor-element elementor-element-99d653f elementor-grid-2 elementor-grid-tablet-2 elementor-grid-mobile-1 elementor-posts--thumbnail-top elementor-widget elementor-widget-posts\" data-id=\"99d653f\" data-element_type=\"widget\" data-settings=\"{&quot;classic_columns&quot;:&quot;2&quot;,&quot;classic_columns_tablet&quot;:&quot;2&quot;,&quot;classic_columns_mobile&quot;:&quot;1&quot;,&quot;classic_row_gap&quot;:{&quot;unit&quot;:&quot;px&quot;,&quot;size&quot;:35,&quot;sizes&quot;:[]},&quot;classic_row_gap_tablet&quot;:{&quot;unit&quot;:&quot;px&quot;,&quot;size&quot;:&quot;&quot;,&quot;sizes&quot;:[]},&quot;classic_row_gap_mobile&quot;:{&quot;unit&quot;:&quot;px&quot;,&quot;size&quot;:&quot;&quot;,&quot;sizes&quot;:[]}}\" data-widget_type=\"posts.classic\">\n\t\t\t\t<div class=\"elementor-widget-container\">\n\t\t\t\t\t\t\t<div class=\"elementor-posts-container elementor-posts elementor-posts--skin-classic elementor-grid\" role=\"list\">\n\t\t\t\t<article class=\"elementor-post elementor-grid-item post-1912 post type-post status-publish format-standard has-post-thumbnail hentry category-somiluxstay category-tin-tuc\" role=\"listitem\">\n\t\t\t\t<a class=\"elementor-post__thumbnail__link\" href=\"https:\/\/somiluxstay.com\/en\/trai-nghiem-dich-vu-luu-tru-tai-somi-luxstay\/\" tabindex=\"-1\" >\n\t\t\t<div class=\"elementor-post__thumbnail\"><img fetchpriority=\"high\" decoding=\"async\" width=\"300\" height=\"200\" src=\"https:\/\/somiluxstay.com\/wp-content\/uploads\/2024\/07\/bep-07.12-scaled-1-300x200.jpg\" class=\"attachment-medium size-medium wp-image-1692\" alt=\"\" srcset=\"https:\/\/somiluxstay.com\/wp-content\/uploads\/2024\/07\/bep-07.12-scaled-1-300x200.jpg 300w, https:\/\/somiluxstay.com\/wp-content\/uploads\/2024\/07\/bep-07.12-scaled-1-1024x684.jpg 1024w, https:\/\/somiluxstay.com\/wp-content\/uploads\/2024\/07\/bep-07.12-scaled-1-768x513.jpg 768w, https:\/\/somiluxstay.com\/wp-content\/uploads\/2024\/07\/bep-07.12-scaled-1-1536x1025.jpg 1536w, https:\/\/somiluxstay.com\/wp-content\/uploads\/2024\/07\/bep-07.12-scaled-1-2048x1367.jpg 2048w\" sizes=\"(max-width: 300px) 100vw, 300px\" \/><\/div>\n\t\t<\/a>\n\t\t\t\t<div class=\"elementor-post__text\">\n\t\t\t\t<h3 class=\"elementor-post__title\">\n\t\t\t<a href=\"https:\/\/somiluxstay.com\/en\/trai-nghiem-dich-vu-luu-tru-tai-somi-luxstay\/\" >\n\t\t\t\tExperience accommodation services at Somi Luxstay\t\t\t<\/a>\n\t\t<\/h3>\n\t\t\t\t<div class=\"elementor-post__meta-data\">\n\t\t\t\t\t<span class=\"elementor-post-date\">\n\t\t\tJuly 14, 2024\t\t<\/span>\n\t\t\t\t<\/div>\n\t\t\n\t\t<a class=\"elementor-post__read-more\" href=\"https:\/\/somiluxstay.com\/en\/trai-nghiem-dich-vu-luu-tru-tai-somi-luxstay\/\" aria-label=\"Read more about Tr\u1ea3i nghi\u1ec7m d\u1ecbch v\u1ee5 l\u01b0u tr\u00fa t\u1ea1i Somi Luxstay\" tabindex=\"-1\" >\n\t\t\tRead More \u00bb\t\t<\/a>\n\n\t\t\t\t<\/div>\n\t\t\t\t<\/article>\n\t\t\t\t<article class=\"elementor-post elementor-grid-item post-2052 post type-post status-publish format-standard has-post-thumbnail hentry category-event category-somiluxstay category-tin-tuc\" role=\"listitem\">\n\t\t\t\t<a class=\"elementor-post__thumbnail__link\" href=\"https:\/\/somiluxstay.com\/en\/thuong-thuc-bua-an-theo-phong-cach-fine-dining-gan-noi-luu-tru\/\" tabindex=\"-1\" >\n\t\t\t<div class=\"elementor-post__thumbnail\"><img decoding=\"async\" width=\"300\" height=\"169\" src=\"https:\/\/somiluxstay.com\/wp-content\/uploads\/2024\/07\/0ww1512000b6i6nl60F97_C_551_310_R5.jpg_-300x169.webp\" class=\"attachment-medium size-medium wp-image-2068\" alt=\"\" srcset=\"https:\/\/somiluxstay.com\/wp-content\/uploads\/2024\/07\/0ww1512000b6i6nl60F97_C_551_310_R5.jpg_-300x169.webp 300w, https:\/\/somiluxstay.com\/wp-content\/uploads\/2024\/07\/0ww1512000b6i6nl60F97_C_551_310_R5.jpg_.webp 550w\" sizes=\"(max-width: 300px) 100vw, 300px\" \/><\/div>\n\t\t<\/a>\n\t\t\t\t<div class=\"elementor-post__text\">\n\t\t\t\t<h3 class=\"elementor-post__title\">\n\t\t\t<a href=\"https:\/\/somiluxstay.com\/en\/thuong-thuc-bua-an-theo-phong-cach-fine-dining-gan-noi-luu-tru\/\" >\n\t\t\t\tEnjoy Fine Dining near your accommodation\t\t\t<\/a>\n\t\t<\/h3>\n\t\t\t\t<div class=\"elementor-post__meta-data\">\n\t\t\t\t\t<span class=\"elementor-post-date\">\n\t\t\tJuly 14, 2024\t\t<\/span>\n\t\t\t\t<\/div>\n\t\t\n\t\t<a class=\"elementor-post__read-more\" href=\"https:\/\/somiluxstay.com\/en\/thuong-thuc-bua-an-theo-phong-cach-fine-dining-gan-noi-luu-tru\/\" aria-label=\"Read more about Th\u01b0\u1edfng th\u1ee9c b\u1eefa \u0103n theo phong c\u00e1ch \u201cFine Dining\u201d g\u1ea7n n\u01a1i l\u01b0u tr\u00fa\" tabindex=\"-1\" >\n\t\t\tRead More \u00bb\t\t<\/a>\n\n\t\t\t\t<\/div>\n\t\t\t\t<\/article>\n\t\t\t\t<article class=\"elementor-post elementor-grid-item post-5629 post type-post status-publish format-standard has-post-thumbnail hentry category-tin-tuc\" role=\"listitem\">\n\t\t\t\t<a class=\"elementor-post__thumbnail__link\" href=\"https:\/\/somiluxstay.com\/en\/trai-nghiem-luu-tru-dang-cap-tai-landmark81-tp-hcm\/\" tabindex=\"-1\" >\n\t\t\t<div class=\"elementor-post__thumbnail\"><img decoding=\"async\" width=\"240\" height=\"300\" src=\"https:\/\/somiluxstay.com\/wp-content\/uploads\/2024\/08\/Landmark81bieutuongtphcm-240x300.jpg\" class=\"attachment-medium size-medium wp-image-5632\" alt=\"\" srcset=\"https:\/\/somiluxstay.com\/wp-content\/uploads\/2024\/08\/Landmark81bieutuongtphcm-240x300.jpg 240w, https:\/\/somiluxstay.com\/wp-content\/uploads\/2024\/08\/Landmark81bieutuongtphcm-819x1024.jpg 819w, https:\/\/somiluxstay.com\/wp-content\/uploads\/2024\/08\/Landmark81bieutuongtphcm-768x960.jpg 768w, https:\/\/somiluxstay.com\/wp-content\/uploads\/2024\/08\/Landmark81bieutuongtphcm-10x12.jpg 10w, https:\/\/somiluxstay.com\/wp-content\/uploads\/2024\/08\/Landmark81bieutuongtphcm.jpg 960w\" sizes=\"(max-width: 240px) 100vw, 240px\" \/><\/div>\n\t\t<\/a>\n\t\t\t\t<div class=\"elementor-post__text\">\n\t\t\t\t<h3 class=\"elementor-post__title\">\n\t\t\t<a href=\"https:\/\/somiluxstay.com\/en\/trai-nghiem-luu-tru-dang-cap-tai-landmark81-tp-hcm\/\" >\n\t\t\t\tSomiluxstay &#8211; Tr\u1ea3i nghi\u1ec7m l\u01b0u tr\u00fa \u0111\u1eb3ng c\u1ea5p t\u1ea1i Landmark 81\t\t\t<\/a>\n\t\t<\/h3>\n\t\t\t\t<div class=\"elementor-post__meta-data\">\n\t\t\t\t\t<span class=\"elementor-post-date\">\n\t\t\tAugust 27, 2024\t\t<\/span>\n\t\t\t\t<\/div>\n\t\t\n\t\t<a class=\"elementor-post__read-more\" href=\"https:\/\/somiluxstay.com\/en\/trai-nghiem-luu-tru-dang-cap-tai-landmark81-tp-hcm\/\" aria-label=\"Read more about Somiluxstay &#8211; Tr\u1ea3i nghi\u1ec7m l\u01b0u tr\u00fa \u0111\u1eb3ng c\u1ea5p t\u1ea1i Landmark 81\" tabindex=\"-1\" >\n\t\t\tRead More \u00bb\t\t<\/a>\n\n\t\t\t\t<\/div>\n\t\t\t\t<\/article>\n\t\t\t\t<\/div>\n\t\t\n\t\t\t\t\t\t<\/div>\n\t\t\t\t<\/div>\n\t\t\t\t\t<\/div>\n\t\t<\/div>\n\t\t\t\t<div class=\"elementor-column elementor-col-33 elementor-top-column elementor-element elementor-element-79847629\" data-id=\"79847629\" data-element_type=\"column\">\n\t\t\t<div class=\"elementor-widget-wrap elementor-element-populated\">\n\t\t\t\t\t\t<div class=\"elementor-element elementor-element-4f4057b7 elementor-widget elementor-widget-image\" data-id=\"4f4057b7\" data-element_type=\"widget\" data-widget_type=\"image.default\">\n\t\t\t\t<div class=\"elementor-widget-container\">\n\t\t\t\t\t\t\t\t\t\t\t\t\t\t\t<img loading=\"lazy\" decoding=\"async\" width=\"2560\" height=\"1707\" src=\"https:\/\/somiluxstay.com\/wp-content\/uploads\/2024\/07\/01-PRAS-scaled-1.jpg\" class=\"elementor-animation-grow attachment-full size-full wp-image-2371\" alt=\"\" srcset=\"https:\/\/somiluxstay.com\/wp-content\/uploads\/2024\/07\/01-PRAS-scaled-1.jpg 2560w, https:\/\/somiluxstay.com\/wp-content\/uploads\/2024\/07\/01-PRAS-scaled-1-300x200.jpg 300w, https:\/\/somiluxstay.com\/wp-content\/uploads\/2024\/07\/01-PRAS-scaled-1-1024x683.jpg 1024w, https:\/\/somiluxstay.com\/wp-content\/uploads\/2024\/07\/01-PRAS-scaled-1-768x512.jpg 768w, https:\/\/somiluxstay.com\/wp-content\/uploads\/2024\/07\/01-PRAS-scaled-1-1536x1024.jpg 1536w, https:\/\/somiluxstay.com\/wp-content\/uploads\/2024\/07\/01-PRAS-scaled-1-2048x1366.jpg 2048w\" sizes=\"(max-width: 2560px) 100vw, 2560px\" \/>\t\t\t\t\t\t\t\t\t\t\t\t\t\t\t<\/div>\n\t\t\t\t<\/div>\n\t\t\t\t<div class=\"elementor-element elementor-element-5779f1eb elementor-widget elementor-widget-text-editor\" data-id=\"5779f1eb\" data-element_type=\"widget\" data-widget_type=\"text-editor.default\">\n\t\t\t\t<div class=\"elementor-widget-container\">\n\t\t\t\t\t\t\t\t\t<h1 id=\"nd_booking_single_cpt_1_title\" class=\"nd_booking_font_size_40 nd_booking_font_size_30_all_iphone\">Standard Class<\/h1><p><strong>APARTMENT INFORMATION<\/strong><br \/><strong>Standard serviced apartment<\/strong><br \/>With an area of \u200b\u200b82 m2, the apartment includes 2 bedrooms, 1 bathroom, 1 kitchen and 1 storage room with a convenient balcony, and the master bedroom has a panoramic view of the surrounding area. The apartment is fully furnished and has air conditioning. The kitchen has a washing machine, refrigerator, microwave and the living room has a sofa set with an LCD TV. Below the apartments there is a convenient basement for parking for guests when traveling. This will be the best choice for accommodation for you.<\/p>\t\t\t\t\t\t\t\t<\/div>\n\t\t\t\t<\/div>\n\t\t\t\t\t<\/div>\n\t\t<\/div>\n\t\t\t\t<div class=\"elementor-column elementor-col-33 elementor-top-column elementor-element elementor-element-2a59bbce\" data-id=\"2a59bbce\" data-element_type=\"column\">\n\t\t\t<div class=\"elementor-widget-wrap elementor-element-populated\">\n\t\t\t\t\t\t<div class=\"elementor-element elementor-element-7815c2 elementor-widget elementor-widget-text-editor\" data-id=\"7815c2\" data-element_type=\"widget\" data-widget_type=\"text-editor.default\">\n\t\t\t\t<div class=\"elementor-widget-container\">\n\t\t\t\t\t\t\t\t\t<h1 id=\"nd_booking_single_cpt_1_title\" class=\"nd_booking_font_size_40 nd_booking_font_size_30_all_iphone\">FamilyDouble Room<\/h1>\n<p><b>Double Room Apartment for Family<\/b><\/p>\n<p>For families when going on vacation, traveling, choosing a place to stay is very important. Because this helps decide your trip and your family has the most comfortable experience after work stress, and in addition, our apartments also include furniture and have a professional team that always listens and supports customers, so coming to Somi Luxstay, your family's stay during travel and vacation will be more wonderful.<\/p>\t\t\t\t\t\t\t\t<\/div>\n\t\t\t\t<\/div>\n\t\t\t\t<div class=\"elementor-element elementor-element-5c93ca24 elementor-widget elementor-widget-image\" data-id=\"5c93ca24\" data-element_type=\"widget\" data-widget_type=\"image.default\">\n\t\t\t\t<div class=\"elementor-widget-container\">\n\t\t\t\t\t\t\t\t\t\t\t\t\t\t\t<img loading=\"lazy\" decoding=\"async\" width=\"1600\" height=\"1068\" src=\"https:\/\/somiluxstay.com\/wp-content\/uploads\/2024\/07\/02H-SML-02-1.jpg\" class=\"elementor-animation-grow attachment-full size-full wp-image-2375\" alt=\"\" srcset=\"https:\/\/somiluxstay.com\/wp-content\/uploads\/2024\/07\/02H-SML-02-1.jpg 1600w, https:\/\/somiluxstay.com\/wp-content\/uploads\/2024\/07\/02H-SML-02-1-300x200.jpg 300w, https:\/\/somiluxstay.com\/wp-content\/uploads\/2024\/07\/02H-SML-02-1-1024x684.jpg 1024w, https:\/\/somiluxstay.com\/wp-content\/uploads\/2024\/07\/02H-SML-02-1-768x513.jpg 768w, https:\/\/somiluxstay.com\/wp-content\/uploads\/2024\/07\/02H-SML-02-1-1536x1025.jpg 1536w\" sizes=\"(max-width: 1600px) 100vw, 1600px\" \/>\t\t\t\t\t\t\t\t\t\t\t\t\t\t\t<\/div>\n\t\t\t\t<\/div>\n\t\t\t\t\t<\/div>\n\t\t<\/div>\n\t\t\t\t\t<\/div>\n\t\t<\/section>\n\t\t\t\t<\/div>","protected":false},"excerpt":{"rendered":"<p>Th\u00f4ng tin khuy\u1ebfn m\u00e3i \u01afU \u0110\u00c3I CH\u01af\u01a0NG TR\u00ccNH \u01afU \u0110\u00c3I THEO M\u00d9A Standard Class TH\u00d4NG TIN C\u0102N H\u1ed8C\u0103n h\u1ed9 d\u1ecbch<\/p>","protected":false},"author":1,"featured_media":0,"parent":0,"menu_order":0,"comment_status":"closed","ping_status":"closed","template":"","meta":{"site-sidebar-layout":"no-sidebar","site-content-layout":"","ast-site-content-layout":"full-width-container","site-content-style":"default","site-sidebar-style":"default","ast-global-header-display":"","ast-banner-title-visibility":"","ast-main-header-display":"","ast-hfb-above-header-display":"","ast-hfb-below-header-display":"","ast-hfb-mobile-header-display":"","site-post-title":"disabled","ast-breadcrumbs-content":"","ast-featured-img":"disabled","footer-sml-layout":"","ast-disable-related-posts":"","theme-transparent-header-meta":"","adv-header-id-meta":"","stick-header-meta":"","header-above-stick-meta":"","header-main-stick-meta":"","header-below-stick-meta":"","astra-migrate-meta-layouts":"default","ast-page-background-enabled":"default","ast-page-background-meta":{"desktop":{"background-color":"var(--ast-global-color-4)","background-image":"","background-repeat":"repeat","background-position":"center center","background-size":"auto","background-attachment":"scroll","background-type":"","background-media":"","overlay-type":"","overlay-color":"","overlay-opacity":"","overlay-gradient":""},"tablet":{"background-color":"","background-image":"","background-repeat":"repeat","background-position":"center center","background-size":"auto","background-attachment":"scroll","background-type":"","background-media":"","overlay-type":"","overlay-color":"","overlay-opacity":"","overlay-gradient":""},"mobile":{"background-color":"","background-image":"","background-repeat":"repeat","background-position":"center center","background-size":"auto","background-attachment":"scroll","background-type":"","background-media":"","overlay-type":"","overlay-color":"","overlay-opacity":"","overlay-gradient":""}},"ast-content-background-meta":{"desktop":{"background-color":"var(--ast-global-color-5)","background-image":"","background-repeat":"repeat","background-position":"center center","background-size":"auto","background-attachment":"scroll","background-type":"","background-media":"","overlay-type":"","overlay-color":"","overlay-opacity":"","overlay-gradient":""},"tablet":{"background-color":"var(--ast-global-color-5)","background-image":"","background-repeat":"repeat","background-position":"center center","background-size":"auto","background-attachment":"scroll","background-type":"","background-media":"","overlay-type":"","overlay-color":"","overlay-opacity":"","overlay-gradient":""},"mobile":{"background-color":"var(--ast-global-color-5)","background-image":"","background-repeat":"repeat","background-position":"center center","background-size":"auto","background-attachment":"scroll","background-type":"","background-media":"","overlay-type":"","overlay-color":"","overlay-opacity":"","overlay-gradient":""}},"footnotes":""},"class_list":["post-1536","page","type-page","status-publish","hentry"],"_links":{"self":[{"href":"https:\/\/somiluxstay.com\/en\/wp-json\/wp\/v2\/pages\/1536","targetHints":{"allow":["GET"]}}],"collection":[{"href":"https:\/\/somiluxstay.com\/en\/wp-json\/wp\/v2\/pages"}],"about":[{"href":"https:\/\/somiluxstay.com\/en\/wp-json\/wp\/v2\/types\/page"}],"author":[{"embeddable":true,"href":"https:\/\/somiluxstay.com\/en\/wp-json\/wp\/v2\/users\/1"}],"replies":[{"embeddable":true,"href":"https:\/\/somiluxstay.com\/en\/wp-json\/wp\/v2\/comments?post=1536"}],"version-history":[{"count":10,"href":"https:\/\/somiluxstay.com\/en\/wp-json\/wp\/v2\/pages\/1536\/revisions"}],"predecessor-version":[{"id":3900,"href":"https:\/\/somiluxstay.com\/en\/wp-json\/wp\/v2\/pages\/1536\/revisions\/3900"}],"wp:attachment":[{"href":"https:\/\/somiluxstay.com\/en\/wp-json\/wp\/v2\/media?parent=1536"}],"curies":[{"name":"wp","href":"https:\/\/api.w.org\/{rel}","templated":true}]}}